{"id":244,"date":"2024-08-01T23:27:08","date_gmt":"2024-08-01T23:27:08","guid":{"rendered":"https:\/\/www.iddisbakery.com\/?page_id=244"},"modified":"2025-08-11T23:49:34","modified_gmt":"2025-08-11T23:49:34","slug":"about-us","status":"publish","type":"page","link":"https:\/\/www.iddisbakery.com\/es\/about-us\/","title":{"rendered":"About Us"},"content":{"rendered":"<div data-elementor-type=\"wp-page\" data-elementor-id=\"244\" class=\"elementor elementor-244\">\n\t\t\t\t<div class=\"elementor-element elementor-element-2691d00 e-flex e-con-boxed e-con e-parent\" data-id=\"2691d00\" data-element_type=\"container\" data-settings=\"{&quot;background_background&quot;:&quot;classic&quot;,&quot;jet_parallax_layout_list&quot;:[]}\">\n\t\t\t\t\t<div class=\"e-con-inner\">\n\t\t<div class=\"elementor-element elementor-element-75fc433 e-con-full e-flex e-con e-child\" data-id=\"75fc433\" data-element_type=\"container\" data-settings=\"{&quot;jet_parallax_layout_list&quot;:[]}\">\n\t\t\t\t<div class=\"elementor-element elementor-element-e69fe02 elementor-widget__width-initial elementor-widget elementor-widget-heading\" data-id=\"e69fe02\" data-element_type=\"widget\" data-widget_type=\"heading.default\">\n\t\t\t\t<div class=\"elementor-widget-container\">\n\t\t\t\t\t<h2 class=\"elementor-heading-title elementor-size-default\">Nosotros<\/h2>\t\t\t\t<\/div>\n\t\t\t\t<\/div>\n\t\t\t\t<div class=\"elementor-element elementor-element-5bdb7a6 elementor-widget__width-initial elementor-widget-tablet__width-initial elementor-widget elementor-widget-text-editor\" data-id=\"5bdb7a6\" data-element_type=\"widget\" data-widget_type=\"text-editor.default\">\n\t\t\t\t<div class=\"elementor-widget-container\">\n\t\t\t\t\t\t\t\t\t<p>Iddi\u2019s Bakery forma parte de la familia de Restaurante Galea. Es una familia con chefs que provienen de entornos con estrellas Michelin y que mantienen altos est\u00e1ndares tanto dentro como fuera de la cocina.<\/p>\t\t\t\t\t\t\t\t<\/div>\n\t\t\t\t<\/div>\n\t\t\t\t<\/div>\n\t\t\t\t\t<\/div>\n\t\t\t\t<\/div>\n\t\t<div class=\"elementor-element elementor-element-6699a09 e-flex e-con-boxed e-con e-parent\" data-id=\"6699a09\" data-element_type=\"container\" data-settings=\"{&quot;background_background&quot;:&quot;classic&quot;,&quot;jet_parallax_layout_list&quot;:[]}\">\n\t\t\t\t\t<div class=\"e-con-inner\">\n\t\t<div class=\"elementor-element elementor-element-4706dfa e-con-full e-flex e-con e-child\" data-id=\"4706dfa\" data-element_type=\"container\" data-settings=\"{&quot;jet_parallax_layout_list&quot;:[]}\">\n\t\t\t\t<div class=\"elementor-element elementor-element-0fe48b3 elementor-widget__width-initial elementor-widget elementor-widget-image\" data-id=\"0fe48b3\" data-element_type=\"widget\" data-widget_type=\"image.default\">\n\t\t\t\t<div class=\"elementor-widget-container\">\n\t\t\t\t\t\t\t\t\t\t\t\t\t\t\t<img fetchpriority=\"high\" decoding=\"async\" width=\"547\" height=\"249\" src=\"https:\/\/www.iddisbakery.com\/wp-content\/uploads\/2024\/07\/cropped-Logo-iddis.png\" class=\"attachment-large size-large wp-image-413\" alt=\"\" srcset=\"https:\/\/www.iddisbakery.com\/wp-content\/uploads\/2024\/07\/cropped-Logo-iddis.png 547w, https:\/\/www.iddisbakery.com\/wp-content\/uploads\/2024\/07\/cropped-Logo-iddis-300x137.png 300w\" sizes=\"(max-width: 547px) 100vw, 547px\" \/>\t\t\t\t\t\t\t\t\t\t\t\t\t\t\t<\/div>\n\t\t\t\t<\/div>\n\t\t\t\t<div class=\"elementor-element elementor-element-ab7778e animated-slow elementor-widget__width-initial elementor-invisible elementor-widget elementor-widget-text-editor\" data-id=\"ab7778e\" data-element_type=\"widget\" data-settings=\"{&quot;_animation&quot;:&quot;fadeIn&quot;}\" data-widget_type=\"text-editor.default\">\n\t\t\t\t<div class=\"elementor-widget-container\">\n\t\t\t\t\t\t\t\t\t<p>Iddi\u2019s Bakery fue un sue\u00f1o de la chef Michelle Catarata. \"Iddi\" es el apodo familiar que le dieron cari\u00f1osamente desde peque\u00f1a. Con la cari\u00f1osa gu\u00eda de su Lola Luz (Lola significa abuela en Filipinas), la chef Michelle siempre ha estado en la cocina desde que tiene memoria. Si bien su carrera se ha desarrollado principalmente en restaurantes de alta cocina, su sue\u00f1o siempre ha sido una pasteler\u00eda de barrio donde pueda ofrecer postres caseros y nost\u00e1lgicos, elaborados con la experiencia adquirida durante sus casi 18 a\u00f1os de carrera.<br \/>No dejes que el ambiente c\u00f3modo y relajante de Iddi\u2019s Bakery te enga\u00f1e, este es un lugar donde todav\u00eda puedes encontrar ingredientes de alta calidad y hospitalidad.<\/p>\t\t\t\t\t\t\t\t<\/div>\n\t\t\t\t<\/div>\n\t\t\t\t<\/div>\n\t\t\t\t\t<\/div>\n\t\t\t\t<\/div>\n\t\t\t\t<\/div>","protected":false},"excerpt":{"rendered":"<p>ABout us Iddi\u2019s Bakery is part of the Galea Restaurant family. It is a family with chefs that come from Michelin Starred backgrounds, holding themselves to high standards both inside and outside of the kitchen. Iddi\u2019s Bakery was dreamt up by Chef Michelle Catarata. \u201cIddi\u201d is the family nickname affectionately given to her since childhood. [&hellip;]<\/p>","protected":false},"author":2,"featured_media":0,"parent":0,"menu_order":0,"comment_status":"closed","ping_status":"closed","template":"full-width.php","meta":{"_acf_changed":false,"footnotes":""},"class_list":["post-244","page","type-page","status-publish","hentry"],"acf":[],"_links":{"self":[{"href":"https:\/\/www.iddisbakery.com\/es\/wp-json\/wp\/v2\/pages\/244","targetHints":{"allow":["GET"]}}],"collection":[{"href":"https:\/\/www.iddisbakery.com\/es\/wp-json\/wp\/v2\/pages"}],"about":[{"href":"https:\/\/www.iddisbakery.com\/es\/wp-json\/wp\/v2\/types\/page"}],"author":[{"embeddable":true,"href":"https:\/\/www.iddisbakery.com\/es\/wp-json\/wp\/v2\/users\/2"}],"replies":[{"embeddable":true,"href":"https:\/\/www.iddisbakery.com\/es\/wp-json\/wp\/v2\/comments?post=244"}],"version-history":[{"count":10,"href":"https:\/\/www.iddisbakery.com\/es\/wp-json\/wp\/v2\/pages\/244\/revisions"}],"predecessor-version":[{"id":2128,"href":"https:\/\/www.iddisbakery.com\/es\/wp-json\/wp\/v2\/pages\/244\/revisions\/2128"}],"wp:attachment":[{"href":"https:\/\/www.iddisbakery.com\/es\/wp-json\/wp\/v2\/media?parent=244"}],"curies":[{"name":"wp","href":"https:\/\/api.w.org\/{rel}","templated":true}]}}