{"id":369,"date":"2024-08-27T16:18:44","date_gmt":"2024-08-27T16:18:44","guid":{"rendered":"https:\/\/www.iddisbakery.com\/?page_id=369"},"modified":"2026-01-08T18:26:02","modified_gmt":"2026-01-08T18:26:02","slug":"iddis-bakery","status":"publish","type":"page","link":"https:\/\/www.iddisbakery.com\/es\/","title":{"rendered":"iddis bakery"},"content":{"rendered":"<div data-elementor-type=\"wp-page\" data-elementor-id=\"369\" class=\"elementor elementor-369\">\n\t\t\t\t<div class=\"elementor-element elementor-element-c0c4334 e-con-full e-flex e-con e-parent\" data-id=\"c0c4334\" data-element_type=\"container\" data-settings=\"{&quot;jet_parallax_layout_list&quot;:[]}\">\n\t\t\t\t<div class=\"elementor-element elementor-element-16187ea elementor-widget elementor-widget-jet-slider\" data-id=\"16187ea\" data-element_type=\"widget\" data-settings=\"{&quot;slider_height&quot;:{&quot;unit&quot;:&quot;px&quot;,&quot;size&quot;:720,&quot;sizes&quot;:[]},&quot;slider_height_mobile&quot;:{&quot;unit&quot;:&quot;px&quot;,&quot;size&quot;:450,&quot;sizes&quot;:[]},&quot;slider_height_tablet&quot;:{&quot;unit&quot;:&quot;px&quot;,&quot;size&quot;:&quot;&quot;,&quot;sizes&quot;:[]}}\" data-widget_type=\"jet-slider.default\">\n\t\t\t\t<div class=\"elementor-widget-container\">\n\t\t\t\t\t<div class=\"elementor-jet-slider jet-elements\">\n<div class=\"jet-slider jet-slider__image-exact\" data-settings='{&quot;sliderWidth&quot;:{&quot;unit&quot;:&quot;%&quot;,&quot;size&quot;:100,&quot;sizes&quot;:[]},&quot;sliderHeight&quot;:{&quot;unit&quot;:&quot;px&quot;,&quot;size&quot;:720,&quot;sizes&quot;:[]},&quot;sliderNavigation&quot;:false,&quot;sliderNavigationIcon&quot;:&quot;jet-slider__arrow-icon-16187ea&quot;,&quot;sliderNaviOnHover&quot;:false,&quot;sliderPagination&quot;:false,&quot;sliderAutoplay&quot;:true,&quot;sliderAutoplayDelay&quot;:5000,&quot;sliderAutoplayOnHover&quot;:&quot;pause&quot;,&quot;sliderFullScreen&quot;:false,&quot;sliderFullscreenIcon&quot;:&quot;jet-slider__fullscreen-icon-16187ea&quot;,&quot;sliderShuffle&quot;:false,&quot;sliderLoop&quot;:true,&quot;sliderFadeMode&quot;:false,&quot;slideDistance&quot;:{&quot;unit&quot;:&quot;px&quot;,&quot;size&quot;:10,&quot;sizes&quot;:[]},&quot;slideDuration&quot;:500,&quot;imageScaleMode&quot;:&quot;exact&quot;,&quot;thumbnails&quot;:false,&quot;thumbnailWidth&quot;:120,&quot;thumbnailHeight&quot;:80,&quot;rightToLeft&quot;:false,&quot;touchswipe&quot;:true,&quot;fractionPag&quot;:false,&quot;fractionPrefix&quot;:&quot;&quot;,&quot;fractionSeparator&quot;:&quot;\\\/&quot;,&quot;fractionSuffix&quot;:&quot;&quot;,&quot;autoSliderHeight&quot;:false}'>\n\t\n<div  class=\"slider-pro\"><div class=\"jet-slider__arrow-icon-16187ea hidden-html\"><\/div><div class=\"jet-slider__fullscreen-icon-16187ea hidden-html\"><\/div><div class=\"jet-slider__items sp-slides\">\n\n\n<div  class=\"jet-slider__item sp-slide elementor-repeater-item-cb6e7b0\"><img decoding=\"async\" class=\"sp-image\" src=\"https:\/\/www.iddisbakery.com\/wp-content\/uploads\/2025\/10\/pastelon.jpg\" alt=\"pastelon\" loading=\"lazy\"><div class=\"jet-slider__content sp-layer\" data-position=\"centerCenter\" data-width=\"100%\" data-height=\"100%\" data-horizontal=\"0%\" data-show-transition=\"none\" data-show-duration=\"400\" data-show-delay=\"400\" >\n\t\t<div class=\"jet-slider__content-item\">\n\t\t\t<div class=\"jet-slider__content-inner\"><h4 class=\"jet-slider__title\">De temporada<\/h4><h5 class=\"jet-slider__subtitle\">Coffee cake, <\/br>fig and blueberry<\/h5>\n\t\t\t\t\t\t<div class=\"jet-slider__button-wrapper\">\t\t\t\t\t\t<\/div><\/div>\n\t\t<\/div>\n\t\t\t<\/div>\n<\/div>\n\n<div  class=\"jet-slider__item sp-slide elementor-repeater-item-ba88192\"><img decoding=\"async\" class=\"sp-image\" src=\"https:\/\/www.iddisbakery.com\/wp-content\/uploads\/2025\/10\/pastel.jpg\" alt=\"pastel\" loading=\"lazy\"><div class=\"jet-slider__content sp-layer\" data-position=\"centerCenter\" data-width=\"100%\" data-height=\"100%\" data-horizontal=\"0%\" data-show-transition=\"none\" data-show-duration=\"400\" data-show-delay=\"400\" >\n\t\t<div class=\"jet-slider__content-item\">\n\t\t\t<div class=\"jet-slider__content-inner\"><h4 class=\"jet-slider__title\">De temporada<\/h4><h5 class=\"jet-slider__subtitle\">Cake<\/h5>\n\t\t\t\t\t\t<div class=\"jet-slider__button-wrapper\">\t\t\t\t\t\t<\/div><\/div>\n\t\t<\/div>\n\t\t\t<\/div>\n<\/div>\n\n<\/div>\n<\/div>\n<\/div>\n<\/div>\t\t\t\t<\/div>\n\t\t\t\t<\/div>\n\t\t\t\t<\/div>\n\t\t<div class=\"elementor-element elementor-element-e6be33b elementor-hidden-desktop elementor-hidden-tablet elementor-hidden-mobile e-flex e-con-boxed e-con e-parent\" data-id=\"e6be33b\" data-element_type=\"container\" data-settings=\"{&quot;background_background&quot;:&quot;classic&quot;,&quot;jet_parallax_layout_list&quot;:[]}\">\n\t\t\t\t\t<div class=\"e-con-inner\">\n\t\t<div class=\"elementor-element elementor-element-107f9f8 e-con-full e-flex e-con e-child\" data-id=\"107f9f8\" data-element_type=\"container\" data-settings=\"{&quot;jet_parallax_layout_list&quot;:[]}\">\n\t\t\t\t<div class=\"elementor-element elementor-element-956aa22 elementor-widget__width-initial elementor-widget elementor-widget-heading\" data-id=\"956aa22\" data-element_type=\"widget\" data-widget_type=\"heading.default\">\n\t\t\t\t<div class=\"elementor-widget-container\">\n\t\t\t\t\t<h2 class=\"elementor-heading-title elementor-size-default\">De temporada<\/h2>\t\t\t\t<\/div>\n\t\t\t\t<\/div>\n\t\t\t\t<div class=\"elementor-element elementor-element-ab10c4b elementor-widget__width-initial elementor-widget elementor-widget-heading\" data-id=\"ab10c4b\" data-element_type=\"widget\" data-widget_type=\"heading.default\">\n\t\t\t\t<div class=\"elementor-widget-container\">\n\t\t\t\t\t<h2 class=\"elementor-heading-title elementor-size-default\">Pan de Muerto<\/h2>\t\t\t\t<\/div>\n\t\t\t\t<\/div>\n\t\t\t\t<div class=\"elementor-element elementor-element-892d0bc elementor-align-left elementor-mobile-align-left elementor-widget__width-initial elementor-widget elementor-widget-button\" data-id=\"892d0bc\" data-element_type=\"widget\" data-widget_type=\"button.default\">\n\t\t\t\t<div class=\"elementor-widget-container\">\n\t\t\t\t\t\t\t\t\t<div class=\"elementor-button-wrapper\">\n\t\t\t\t\t<a class=\"elementor-button elementor-button-link elementor-size-sm\" href=\"https:\/\/www.iddisbakery.com\/es\/menu\/\">\n\t\t\t\t\t\t<span class=\"elementor-button-content-wrapper\">\n\t\t\t\t\t\t\t\t\t<span class=\"elementor-button-text\">Explora nuestro men\u00fa<\/span>\n\t\t\t\t\t<\/span>\n\t\t\t\t\t<\/a>\n\t\t\t\t<\/div>\n\t\t\t\t\t\t\t\t<\/div>\n\t\t\t\t<\/div>\n\t\t\t\t<\/div>\n\t\t\t\t\t<\/div>\n\t\t\t\t<\/div>\n\t\t<div class=\"elementor-element elementor-element-46223d3 e-flex e-con-boxed e-con e-parent\" data-id=\"46223d3\" data-element_type=\"container\" data-settings=\"{&quot;jet_parallax_layout_list&quot;:[]}\">\n\t\t\t\t\t<div class=\"e-con-inner\">\n\t\t<div class=\"elementor-element elementor-element-e7e328b e-con-full e-flex e-con e-child\" data-id=\"e7e328b\" data-element_type=\"container\" data-settings=\"{&quot;jet_parallax_layout_list&quot;:[]}\">\n\t\t\t\t<div class=\"elementor-element elementor-element-dd5187b elementor-widget elementor-widget-image\" data-id=\"dd5187b\" data-element_type=\"widget\" data-widget_type=\"image.default\">\n\t\t\t\t<div class=\"elementor-widget-container\">\n\t\t\t\t\t\t\t\t\t\t\t\t\t\t\t<img fetchpriority=\"high\" decoding=\"async\" width=\"576\" height=\"1024\" src=\"https:\/\/www.iddisbakery.com\/wp-content\/uploads\/2024\/09\/Iddis_20240910031-576x1024.jpg\" class=\"attachment-large size-large wp-image-869\" alt=\"\" srcset=\"https:\/\/www.iddisbakery.com\/wp-content\/uploads\/2024\/09\/Iddis_20240910031-576x1024.jpg 576w, https:\/\/www.iddisbakery.com\/wp-content\/uploads\/2024\/09\/Iddis_20240910031-scaled-600x1067.jpg 600w, https:\/\/www.iddisbakery.com\/wp-content\/uploads\/2024\/09\/Iddis_20240910031-169x300.jpg 169w, https:\/\/www.iddisbakery.com\/wp-content\/uploads\/2024\/09\/Iddis_20240910031-768x1366.jpg 768w, https:\/\/www.iddisbakery.com\/wp-content\/uploads\/2024\/09\/Iddis_20240910031-863x1536.jpg 863w, https:\/\/www.iddisbakery.com\/wp-content\/uploads\/2024\/09\/Iddis_20240910031-1151x2048.jpg 1151w, https:\/\/www.iddisbakery.com\/wp-content\/uploads\/2024\/09\/Iddis_20240910031-scaled.jpg 1439w\" sizes=\"(max-width: 576px) 100vw, 576px\" \/>\t\t\t\t\t\t\t\t\t\t\t\t\t\t\t<\/div>\n\t\t\t\t<\/div>\n\t\t\t\t<div class=\"elementor-element elementor-element-bb5cacc elementor-widget elementor-widget-heading\" data-id=\"bb5cacc\" data-element_type=\"widget\" data-widget_type=\"heading.default\">\n\t\t\t\t<div class=\"elementor-widget-container\">\n\t\t\t\t\t<h2 class=\"elementor-heading-title elementor-size-default\">Ordenar Pastel<\/h2>\t\t\t\t<\/div>\n\t\t\t\t<\/div>\n\t\t\t\t<div class=\"elementor-element elementor-element-7c00813 elementor-widget__width-initial elementor-widget-tablet__width-initial elementor-widget elementor-widget-text-editor\" data-id=\"7c00813\" data-element_type=\"widget\" data-widget_type=\"text-editor.default\">\n\t\t\t\t<div class=\"elementor-widget-container\">\n\t\t\t\t\t\t\t\t\tHaz un pedido de tu pastel, nosotros nos encargamos del resto.\t\t\t\t\t\t\t\t<\/div>\n\t\t\t\t<\/div>\n\t\t\t\t<div class=\"elementor-element elementor-element-c48661b elementor-align-left elementor-mobile-align-left elementor-widget__width-initial elementor-widget elementor-widget-button\" data-id=\"c48661b\" data-element_type=\"widget\" data-widget_type=\"button.default\">\n\t\t\t\t<div class=\"elementor-widget-container\">\n\t\t\t\t\t\t\t\t\t<div class=\"elementor-button-wrapper\">\n\t\t\t\t\t<a class=\"elementor-button elementor-button-link elementor-size-sm\" href=\"https:\/\/www.iddisbakery.com\/es\/menu\/\">\n\t\t\t\t\t\t<span class=\"elementor-button-content-wrapper\">\n\t\t\t\t\t\t\t\t\t<span class=\"elementor-button-text\">Ordenar pastel<\/span>\n\t\t\t\t\t<\/span>\n\t\t\t\t\t<\/a>\n\t\t\t\t<\/div>\n\t\t\t\t\t\t\t\t<\/div>\n\t\t\t\t<\/div>\n\t\t\t\t<\/div>\n\t\t<div class=\"elementor-element elementor-element-e44c066 e-con-full e-flex e-con e-child\" data-id=\"e44c066\" data-element_type=\"container\" data-settings=\"{&quot;jet_parallax_layout_list&quot;:[]}\">\n\t\t\t\t<div class=\"elementor-element elementor-element-e5a3c9a elementor-widget elementor-widget-image\" data-id=\"e5a3c9a\" data-element_type=\"widget\" data-widget_type=\"image.default\">\n\t\t\t\t<div class=\"elementor-widget-container\">\n\t\t\t\t\t\t\t\t\t\t\t\t\t\t\t<img decoding=\"async\" width=\"576\" height=\"1024\" src=\"https:\/\/www.iddisbakery.com\/wp-content\/uploads\/2024\/09\/Iddis_20240910088-576x1024.jpg\" class=\"attachment-large size-large wp-image-940\" alt=\"\" srcset=\"https:\/\/www.iddisbakery.com\/wp-content\/uploads\/2024\/09\/Iddis_20240910088-576x1024.jpg 576w, https:\/\/www.iddisbakery.com\/wp-content\/uploads\/2024\/09\/Iddis_20240910088-scaled-600x1067.jpg 600w, https:\/\/www.iddisbakery.com\/wp-content\/uploads\/2024\/09\/Iddis_20240910088-169x300.jpg 169w, https:\/\/www.iddisbakery.com\/wp-content\/uploads\/2024\/09\/Iddis_20240910088-768x1366.jpg 768w, https:\/\/www.iddisbakery.com\/wp-content\/uploads\/2024\/09\/Iddis_20240910088-863x1536.jpg 863w, https:\/\/www.iddisbakery.com\/wp-content\/uploads\/2024\/09\/Iddis_20240910088-1151x2048.jpg 1151w, https:\/\/www.iddisbakery.com\/wp-content\/uploads\/2024\/09\/Iddis_20240910088-scaled.jpg 1439w\" sizes=\"(max-width: 576px) 100vw, 576px\" \/>\t\t\t\t\t\t\t\t\t\t\t\t\t\t\t<\/div>\n\t\t\t\t<\/div>\n\t\t\t\t<div class=\"elementor-element elementor-element-73db90e elementor-widget elementor-widget-heading\" data-id=\"73db90e\" data-element_type=\"widget\" data-widget_type=\"heading.default\">\n\t\t\t\t<div class=\"elementor-widget-container\">\n\t\t\t\t\t<h2 class=\"elementor-heading-title elementor-size-default\">Ordenar Galletas <\/h2>\t\t\t\t<\/div>\n\t\t\t\t<\/div>\n\t\t\t\t<div class=\"elementor-element elementor-element-9ccbb41 elementor-widget__width-initial elementor-widget-tablet__width-initial elementor-widget elementor-widget-text-editor\" data-id=\"9ccbb41\" data-element_type=\"widget\" data-widget_type=\"text-editor.default\">\n\t\t\t\t<div class=\"elementor-widget-container\">\n\t\t\t\t\t\t\t\t\tHaz un pedido de nuestras incre\u00edbles galletas.\t\t\t\t\t\t\t\t<\/div>\n\t\t\t\t<\/div>\n\t\t\t\t<div class=\"elementor-element elementor-element-0c6b8bc elementor-align-left elementor-mobile-align-left elementor-widget__width-initial elementor-widget elementor-widget-button\" data-id=\"0c6b8bc\" data-element_type=\"widget\" data-widget_type=\"button.default\">\n\t\t\t\t<div class=\"elementor-widget-container\">\n\t\t\t\t\t\t\t\t\t<div class=\"elementor-button-wrapper\">\n\t\t\t\t\t<a class=\"elementor-button elementor-button-link elementor-size-sm\" href=\"https:\/\/www.iddisbakery.com\/es\/cookies-order\/\">\n\t\t\t\t\t\t<span class=\"elementor-button-content-wrapper\">\n\t\t\t\t\t\t\t\t\t<span class=\"elementor-button-text\">Ordenar Galletas<\/span>\n\t\t\t\t\t<\/span>\n\t\t\t\t\t<\/a>\n\t\t\t\t<\/div>\n\t\t\t\t\t\t\t\t<\/div>\n\t\t\t\t<\/div>\n\t\t\t\t<\/div>\n\t\t<div class=\"elementor-element elementor-element-1c6b1f6 e-con-full e-flex e-con e-child\" data-id=\"1c6b1f6\" data-element_type=\"container\" data-settings=\"{&quot;jet_parallax_layout_list&quot;:[]}\">\n\t\t\t\t<div class=\"elementor-element elementor-element-e111c84 elementor-widget elementor-widget-image\" data-id=\"e111c84\" data-element_type=\"widget\" data-widget_type=\"image.default\">\n\t\t\t\t<div class=\"elementor-widget-container\">\n\t\t\t\t\t\t\t\t\t\t\t\t\t\t\t<img decoding=\"async\" width=\"576\" height=\"1024\" src=\"https:\/\/www.iddisbakery.com\/wp-content\/uploads\/2024\/09\/CVSP4173-576x1024.jpg\" class=\"attachment-large size-large wp-image-974\" alt=\"\" srcset=\"https:\/\/www.iddisbakery.com\/wp-content\/uploads\/2024\/09\/CVSP4173-576x1024.jpg 576w, https:\/\/www.iddisbakery.com\/wp-content\/uploads\/2024\/09\/CVSP4173-scaled-600x1067.jpg 600w, https:\/\/www.iddisbakery.com\/wp-content\/uploads\/2024\/09\/CVSP4173-169x300.jpg 169w, https:\/\/www.iddisbakery.com\/wp-content\/uploads\/2024\/09\/CVSP4173-768x1366.jpg 768w, https:\/\/www.iddisbakery.com\/wp-content\/uploads\/2024\/09\/CVSP4173-864x1536.jpg 864w, https:\/\/www.iddisbakery.com\/wp-content\/uploads\/2024\/09\/CVSP4173-1151x2048.jpg 1151w, https:\/\/www.iddisbakery.com\/wp-content\/uploads\/2024\/09\/CVSP4173-scaled.jpg 1439w\" sizes=\"(max-width: 576px) 100vw, 576px\" \/>\t\t\t\t\t\t\t\t\t\t\t\t\t\t\t<\/div>\n\t\t\t\t<\/div>\n\t\t\t\t<div class=\"elementor-element elementor-element-dd4ebe4 elementor-widget elementor-widget-heading\" data-id=\"dd4ebe4\" data-element_type=\"widget\" data-widget_type=\"heading.default\">\n\t\t\t\t<div class=\"elementor-widget-container\">\n\t\t\t\t\t<h2 class=\"elementor-heading-title elementor-size-default\">Visitanos<\/h2>\t\t\t\t<\/div>\n\t\t\t\t<\/div>\n\t\t\t\t<div class=\"elementor-element elementor-element-9794d35 elementor-widget__width-initial elementor-widget-tablet__width-initial elementor-widget elementor-widget-text-editor\" data-id=\"9794d35\" data-element_type=\"widget\" data-widget_type=\"text-editor.default\">\n\t\t\t\t<div class=\"elementor-widget-container\">\n\t\t\t\t\t\t\t\t\tVen y disfruta de nuestro caf\u00e9 con alguna de nuestras especialidades.\t\t\t\t\t\t\t\t<\/div>\n\t\t\t\t<\/div>\n\t\t\t\t<div class=\"elementor-element elementor-element-e5d4295 elementor-align-left elementor-mobile-align-left elementor-widget__width-initial elementor-widget elementor-widget-button\" data-id=\"e5d4295\" data-element_type=\"widget\" data-widget_type=\"button.default\">\n\t\t\t\t<div class=\"elementor-widget-container\">\n\t\t\t\t\t\t\t\t\t<div class=\"elementor-button-wrapper\">\n\t\t\t\t\t<a class=\"elementor-button elementor-button-link elementor-size-sm\" href=\"https:\/\/maps.app.goo.gl\/enMAfTGFRknj5pp66\">\n\t\t\t\t\t\t<span class=\"elementor-button-content-wrapper\">\n\t\t\t\t\t\t\t\t\t<span class=\"elementor-button-text\"> \u00bfComo llegar? <\/span>\n\t\t\t\t\t<\/span>\n\t\t\t\t\t<\/a>\n\t\t\t\t<\/div>\n\t\t\t\t\t\t\t\t<\/div>\n\t\t\t\t<\/div>\n\t\t\t\t<\/div>\n\t\t\t\t\t<\/div>\n\t\t\t\t<\/div>\n\t\t<div class=\"elementor-element elementor-element-f3f6855 e-flex e-con-boxed e-con e-parent\" data-id=\"f3f6855\" data-element_type=\"container\" data-settings=\"{&quot;background_background&quot;:&quot;classic&quot;,&quot;jet_parallax_layout_list&quot;:[]}\">\n\t\t\t\t\t<div class=\"e-con-inner\">\n\t\t<div class=\"elementor-element elementor-element-ad2317b e-con-full e-flex e-con e-child\" data-id=\"ad2317b\" data-element_type=\"container\" data-settings=\"{&quot;jet_parallax_layout_list&quot;:[]}\">\n\t\t\t\t<div class=\"elementor-element elementor-element-03902c6 elementor-widget elementor-widget-image\" data-id=\"03902c6\" data-element_type=\"widget\" data-widget_type=\"image.default\">\n\t\t\t\t<div class=\"elementor-widget-container\">\n\t\t\t\t\t\t\t\t\t\t\t\t\t\t\t<img loading=\"lazy\" decoding=\"async\" width=\"300\" height=\"54\" src=\"https:\/\/www.iddisbakery.com\/wp-content\/uploads\/2025\/09\/canirac_logo_white-300x54-1.png\" class=\"attachment-large size-large wp-image-2180\" alt=\"\" srcset=\"https:\/\/www.iddisbakery.com\/wp-content\/uploads\/2025\/09\/canirac_logo_white-300x54-1.png 300w, https:\/\/www.iddisbakery.com\/wp-content\/uploads\/2025\/09\/canirac_logo_white-300x54-1-18x3.png 18w\" sizes=\"(max-width: 300px) 100vw, 300px\" \/>\t\t\t\t\t\t\t\t\t\t\t\t\t\t\t<\/div>\n\t\t\t\t<\/div>\n\t\t\t\t<div class=\"elementor-element elementor-element-ebca805 elementor-widget__width-initial elementor-widget elementor-widget-heading\" data-id=\"ebca805\" data-element_type=\"widget\" data-widget_type=\"heading.default\">\n\t\t\t\t<div class=\"elementor-widget-container\">\n\t\t\t\t\t<h2 class=\"elementor-heading-title elementor-size-default\">El Premio a la Chef Repostera del A\u00f1o<\/h2>\t\t\t\t<\/div>\n\t\t\t\t<\/div>\n\t\t\t\t<div class=\"elementor-element elementor-element-5ba3e0c elementor-widget__width-initial elementor-widget-tablet__width-initial elementor-widget elementor-widget-text-editor\" data-id=\"5ba3e0c\" data-element_type=\"widget\" data-widget_type=\"text-editor.default\">\n\t\t\t\t<div class=\"elementor-widget-container\">\n\t\t\t\t\t\t\t\t\t<p>Con una t\u00e9cnica impecable, Michelle transforma los postres en verdaderas obras de arte en iddi's bakery, espacio donde fusiona panader\u00eda y reposter\u00eda con una identidad \u00fanica.<\/p><p>Hoy es una de las voces m\u00e1s reconocidas de la reposter\u00eda contempor\u00e1nea en M\u00e9xico.<\/p>\t\t\t\t\t\t\t\t<\/div>\n\t\t\t\t<\/div>\n\t\t\t\t<\/div>\n\t\t\t\t\t<\/div>\n\t\t\t\t<\/div>\n\t\t<div class=\"elementor-element elementor-element-596f6c6 e-con-full e-flex e-con e-parent\" data-id=\"596f6c6\" data-element_type=\"container\" data-settings=\"{&quot;jet_parallax_layout_list&quot;:[]}\">\n\t\t<div class=\"elementor-element elementor-element-f459c93 e-con-full e-flex e-con e-child\" data-id=\"f459c93\" data-element_type=\"container\" data-settings=\"{&quot;jet_parallax_layout_list&quot;:[]}\">\n\t\t\t\t<div class=\"elementor-element elementor-element-fa80daf elementor-widget__width-initial elementor-widget elementor-widget-heading\" data-id=\"fa80daf\" data-element_type=\"widget\" data-widget_type=\"heading.default\">\n\t\t\t\t<div class=\"elementor-widget-container\">\n\t\t\t\t\t<h2 class=\"elementor-heading-title elementor-size-default\">\u00danete a la causa<\/h2>\t\t\t\t<\/div>\n\t\t\t\t<\/div>\n\t\t\t\t<div class=\"elementor-element elementor-element-4e85413 elementor-widget elementor-widget-heading\" data-id=\"4e85413\" data-element_type=\"widget\" data-widget_type=\"heading.default\">\n\t\t\t\t<div class=\"elementor-widget-container\">\n\t\t\t\t\t<h2 class=\"elementor-heading-title elementor-size-default\">Perrito del mes<\/h2>\t\t\t\t<\/div>\n\t\t\t\t<\/div>\n\t\t\t\t<div class=\"elementor-element elementor-element-d0c7cad elementor-widget__width-initial elementor-widget-tablet__width-initial elementor-widget-mobile__width-initial elementor-widget elementor-widget-text-editor\" data-id=\"d0c7cad\" data-element_type=\"widget\" data-widget_type=\"text-editor.default\">\n\t\t\t\t<div class=\"elementor-widget-container\">\n\t\t\t\t\t\t\t\t\t<p>Con cada compra, donamos un porcentaje de las ganancias a Adoptist, una organizaci\u00f3n que rescata, protege y encuentra hogares amorosos para animales necesitados. \u00a1T\u00fa disfrutas de un delicioso postre y ellos tienen una segunda oportunidad!<\/p>\t\t\t\t\t\t\t\t<\/div>\n\t\t\t\t<\/div>\n\t\t\t\t<div class=\"elementor-element elementor-element-1ddb851 elementor-align-left elementor-mobile-align-left elementor-widget__width-initial elementor-widget elementor-widget-button\" data-id=\"1ddb851\" data-element_type=\"widget\" data-widget_type=\"button.default\">\n\t\t\t\t<div class=\"elementor-widget-container\">\n\t\t\t\t\t\t\t\t\t<div class=\"elementor-button-wrapper\">\n\t\t\t\t\t<a class=\"elementor-button elementor-button-link elementor-size-sm\" href=\"https:\/\/www.iddisbakery.com\/es\/dog-of-the-month\/\">\n\t\t\t\t\t\t<span class=\"elementor-button-content-wrapper\">\n\t\t\t\t\t\t\t\t\t<span class=\"elementor-button-text\">Ayudar un perrito<\/span>\n\t\t\t\t\t<\/span>\n\t\t\t\t\t<\/a>\n\t\t\t\t<\/div>\n\t\t\t\t\t\t\t\t<\/div>\n\t\t\t\t<\/div>\n\t\t\t\t<\/div>\n\t\t<div class=\"elementor-element elementor-element-63c4f23 e-con-full e-flex e-con e-child\" data-id=\"63c4f23\" data-element_type=\"container\" data-settings=\"{&quot;jet_parallax_layout_list&quot;:[]}\">\n\t\t\t\t<div class=\"elementor-element elementor-element-7c1e431 elementor-widget elementor-widget-image\" data-id=\"7c1e431\" data-element_type=\"widget\" data-widget_type=\"image.default\">\n\t\t\t\t<div class=\"elementor-widget-container\">\n\t\t\t\t\t\t\t\t\t\t\t\t\t\t\t<img loading=\"lazy\" decoding=\"async\" width=\"768\" height=\"1024\" src=\"https:\/\/www.iddisbakery.com\/wp-content\/uploads\/2025\/04\/WhatsApp-Image-2025-04-16-at-10.48.56-768x1024.jpeg\" class=\"attachment-large size-large wp-image-1832\" alt=\"\" srcset=\"https:\/\/www.iddisbakery.com\/wp-content\/uploads\/2025\/04\/WhatsApp-Image-2025-04-16-at-10.48.56-768x1024.jpeg 768w, https:\/\/www.iddisbakery.com\/wp-content\/uploads\/2025\/04\/WhatsApp-Image-2025-04-16-at-10.48.56-600x800.jpeg 600w, https:\/\/www.iddisbakery.com\/wp-content\/uploads\/2025\/04\/WhatsApp-Image-2025-04-16-at-10.48.56-225x300.jpeg 225w, https:\/\/www.iddisbakery.com\/wp-content\/uploads\/2025\/04\/WhatsApp-Image-2025-04-16-at-10.48.56-9x12.jpeg 9w, https:\/\/www.iddisbakery.com\/wp-content\/uploads\/2025\/04\/WhatsApp-Image-2025-04-16-at-10.48.56.jpeg 960w\" sizes=\"(max-width: 768px) 100vw, 768px\" \/>\t\t\t\t\t\t\t\t\t\t\t\t\t\t\t<\/div>\n\t\t\t\t<\/div>\n\t\t\t\t<\/div>\n\t\t\t\t<\/div>\n\t\t\t\t<\/div>","protected":false},"excerpt":{"rendered":"<p>Seasonal Coffee cake, fig and blueberry Seasonal Cake Seasonal Pan de Muerto Explore our Menu Cake order Place an order for your cake, let us take care of the rest. Place cake order Cookies order Place an order for our amazing cookies. Place cookie order Visit us Come and enjoy our coffee with one of [&hellip;]<\/p>","protected":false},"author":2,"featured_media":0,"parent":0,"menu_order":0,"comment_status":"closed","ping_status":"closed","template":"full-width.php","meta":{"_acf_changed":false,"footnotes":""},"class_list":["post-369","page","type-page","status-publish","hentry"],"acf":[],"_links":{"self":[{"href":"https:\/\/www.iddisbakery.com\/es\/wp-json\/wp\/v2\/pages\/369","targetHints":{"allow":["GET"]}}],"collection":[{"href":"https:\/\/www.iddisbakery.com\/es\/wp-json\/wp\/v2\/pages"}],"about":[{"href":"https:\/\/www.iddisbakery.com\/es\/wp-json\/wp\/v2\/types\/page"}],"author":[{"embeddable":true,"href":"https:\/\/www.iddisbakery.com\/es\/wp-json\/wp\/v2\/users\/2"}],"replies":[{"embeddable":true,"href":"https:\/\/www.iddisbakery.com\/es\/wp-json\/wp\/v2\/comments?post=369"}],"version-history":[{"count":10,"href":"https:\/\/www.iddisbakery.com\/es\/wp-json\/wp\/v2\/pages\/369\/revisions"}],"predecessor-version":[{"id":2212,"href":"https:\/\/www.iddisbakery.com\/es\/wp-json\/wp\/v2\/pages\/369\/revisions\/2212"}],"wp:attachment":[{"href":"https:\/\/www.iddisbakery.com\/es\/wp-json\/wp\/v2\/media?parent=369"}],"curies":[{"name":"wp","href":"https:\/\/api.w.org\/{rel}","templated":true}]}}